{"id":56,"date":"2025-11-15T11:16:24","date_gmt":"2025-11-15T08:16:24","guid":{"rendered":"https:\/\/dezig.net\/?page_id=56"},"modified":"2025-11-15T13:42:18","modified_gmt":"2025-11-15T10:42:18","slug":"graphic-design","status":"publish","type":"page","link":"https:\/\/dezig.net\/tr\/graphic-design\/","title":{"rendered":"Grafik Tasar\u0131m\u0131"},"content":{"rendered":"<p>DezigNet Grafik Tasar\u0131m ve G\u00f6rsel Kimlik hizmetlerine ho\u015f geldiniz!<\/p>\n<p>DezigNet olarak g\u00fcn\u00fcm\u00fcz\u00fcn dijital d\u00fcnyas\u0131nda g\u00fc\u00e7l\u00fc bir g\u00f6rsel kimli\u011fin \u00f6nemini anl\u0131yoruz. Deneyimli grafik tasar\u0131mc\u0131lardan olu\u015fan ekibimiz, i\u015fletmeniz i\u00e7in bir logo, marka y\u00f6nergeleri ve di\u011fer t\u00fcm g\u00f6rsel \u00f6\u011feler dahil olmak \u00fczere benzersiz ve uyumlu bir g\u00f6rsel kimlik olu\u015fturmak i\u00e7in sizinle birlikte \u00e7al\u0131\u015facakt\u0131r.<\/p>\n<p>Grafik tasar\u0131m hizmetlerimiz \u015funlar\u0131 i\u00e7erir:<\/p>\n<p>Logo Tasar\u0131m\u0131: Markan\u0131z\u0131 temsil eden ve mesaj\u0131n\u0131z\u0131 etkili bir \u015fekilde ileten ak\u0131lda kal\u0131c\u0131 ve etkili bir logo olu\u015fturaca\u011f\u0131z.<br \/>\nMarka Y\u00f6nergeleri: Tipografi, renk paleti ve g\u00f6rsel dahil t\u00fcm g\u00f6rsel \u00f6\u011felerde tutarl\u0131l\u0131k sa\u011flayan bir dizi y\u00f6nerge geli\u015ftirece\u011fiz.<br \/>\nBask\u0131 Tasar\u0131m\u0131: Bro\u015f\u00fcrlerden kartvizitlere, posterlerden ambalajlara kadar t\u00fcm bask\u0131 malzemelerinizi \u00f6n plana \u00e7\u0131karacak ve profesyonel bir g\u00f6r\u00fcn\u00fcm kazand\u0131racak \u015fekilde tasarlayabiliriz.<br \/>\nWeb Sitesi Tasar\u0131m\u0131: Markan\u0131z\u0131n g\u00f6rsel kimli\u011fine uygun, g\u00f6rsel olarak \u00e7ekici ve kullan\u0131c\u0131 dostu bir web sitesi tasarlayabilir ve geli\u015ftirebiliriz.<\/p>\n<p>Grafik tasar\u0131m hizmetlerimizin yan\u0131 s\u0131ra g\u00f6rsel kimlik dan\u0131\u015fmanl\u0131\u011f\u0131 da yapmaktay\u0131z. Ekibimiz, markan\u0131z\u0131n benzersiz \u00f6zelliklerini anlamak ve i\u015finizi do\u011fru bir \u015fekilde yans\u0131tan g\u00f6rsel bir kimlik olu\u015fturmak i\u00e7in sizinle birlikte \u00e7al\u0131\u015facakt\u0131r.<\/p>\n<p>M\u00fc\u015fterilerimizin ihtiya\u00e7lar\u0131n\u0131 anlama ve beklentilerini a\u015fma becerimizle gurur duyuyoruz. Amac\u0131m\u0131z, sizi rakiplerinizden farkl\u0131la\u015ft\u0131ran ve m\u00fc\u015fterileriniz \u00fczerinde kal\u0131c\u0131 bir izlenim b\u0131rakan g\u00f6rsel bir kimlik olu\u015fturmakt\u0131r.<\/p>\n<p>G\u00f6rsel kimli\u011finizi bir sonraki seviyeye ta\u015f\u0131maya haz\u0131rsan\u0131z, bir dan\u0131\u015fma randevusu ayarlamak i\u00e7in bug\u00fcn bizimle ileti\u015fime ge\u00e7in. Gurur duyabilece\u011finiz bir marka yaratmak i\u00e7in sizinle birlikte \u00e7al\u0131\u015fmay\u0131 d\u00f6rt g\u00f6zle bekliyoruz.<\/p>","protected":false},"excerpt":{"rendered":"<p>DezigNet Grafik Tasar\u0131m ve G\u00f6rsel Kimlik hizmetlerine ho\u015f geldiniz! DezigNet olarak g\u00fcn\u00fcm\u00fcz\u00fcn dijital d\u00fcnyas\u0131nda g\u00fc\u00e7l\u00fc bir g\u00f6rsel kimli\u011fin \u00f6nemini anl\u0131yoruz. Deneyimli grafik tasar\u0131mc\u0131lardan olu\u015fan ekibimiz, i\u015fletmeniz i\u00e7in bir logo, marka y\u00f6nergeleri ve di\u011fer t\u00fcm g\u00f6rsel \u00f6\u011feler dahil olmak \u00fczere benzersiz ve uyumlu bir g\u00f6rsel kimlik olu\u015fturmak i\u00e7in sizinle birlikte \u00e7al\u0131\u015facakt\u0131r.<span class=\"more-link\"><a href=\"https:\/\/dezig.net\/tr\/graphic-design\/\">Continue Reading<\/a><\/span><\/p>\n","protected":false},"author":1,"featured_media":0,"parent":0,"menu_order":0,"comment_status":"closed","ping_status":"closed","template":"","meta":{"_crdt_document":"","_vp_format_video_url":"","_vp_image_focal_point":[],"footnotes":""},"class_list":["entry","author-dezignet","post-56","page","type-page","status-publish"],"aioseo_notices":[],"_links":{"self":[{"href":"https:\/\/dezig.net\/tr\/wp-json\/wp\/v2\/pages\/56","targetHints":{"allow":["GET"]}}],"collection":[{"href":"https:\/\/dezig.net\/tr\/wp-json\/wp\/v2\/pages"}],"about":[{"href":"https:\/\/dezig.net\/tr\/wp-json\/wp\/v2\/types\/page"}],"author":[{"embeddable":true,"href":"https:\/\/dezig.net\/tr\/wp-json\/wp\/v2\/users\/1"}],"replies":[{"embeddable":true,"href":"https:\/\/dezig.net\/tr\/wp-json\/wp\/v2\/comments?post=56"}],"version-history":[{"count":3,"href":"https:\/\/dezig.net\/tr\/wp-json\/wp\/v2\/pages\/56\/revisions"}],"predecessor-version":[{"id":92,"href":"https:\/\/dezig.net\/tr\/wp-json\/wp\/v2\/pages\/56\/revisions\/92"}],"wp:attachment":[{"href":"https:\/\/dezig.net\/tr\/wp-json\/wp\/v2\/media?parent=56"}],"curies":[{"name":"wp","href":"https:\/\/api.w.org\/{rel}","templated":true}]}}