{"id":48,"date":"2025-11-15T11:31:27","date_gmt":"2025-11-15T08:31:27","guid":{"rendered":"https:\/\/dezig.net\/?page_id=48"},"modified":"2025-11-15T13:45:01","modified_gmt":"2025-11-15T10:45:01","slug":"mobile-app","status":"publish","type":"page","link":"https:\/\/dezig.net\/tr\/mobile-app\/","title":{"rendered":"Cep Uygulamas\u0131"},"content":{"rendered":"<p><strong>Mobil uygulamalar<\/strong>, bug\u00fcn\u00fcn ve gelece\u011fin sat\u0131\u015f kanal\u0131d\u0131r, e\u011fer bir <strong>mobil uygulaman\u0131z<\/strong> yoksa, rakiplerinizin onlara sat\u0131\u015f yapmaktan yararland\u0131\u011f\u0131 b\u00fcy\u00fck bir m\u00fc\u015fteri segmentini bo\u015fa harc\u0131yorsunuz demektir.<\/p>\n<p>DezigNet \u0130\u015f \u00c7\u00f6z\u00fcmlerinde, \u015firketinizi tan\u0131tacak ve cep telefonlar\u0131n\u0131 kullanarak yerlerinin rahatl\u0131\u011f\u0131nda sat\u0131n almay\u0131 tercih eden b\u00fcy\u00fck online al\u0131\u015fveri\u015f\u00e7i segmenti sayesinde size daha fazla sat\u0131\u015f sa\u011flayacak profesyonel <strong>Mobil Uygulama Geli\u015ftirme<\/strong> sa\u011fl\u0131yoruz.<\/p>","protected":false},"excerpt":{"rendered":"<p>Mobil uygulamalar, bug\u00fcn\u00fcn ve gelece\u011fin sat\u0131\u015f kanal\u0131d\u0131r, e\u011fer bir mobil uygulaman\u0131z yoksa, rakiplerinizin onlara sat\u0131\u015f yapmaktan yararland\u0131\u011f\u0131 b\u00fcy\u00fck bir m\u00fc\u015fteri segmentini bo\u015fa harc\u0131yorsunuz demektir. DezigNet \u0130\u015f \u00c7\u00f6z\u00fcmlerinde, \u015firketinizi tan\u0131tacak ve cep telefonlar\u0131n\u0131 kullanarak yerlerinin rahatl\u0131\u011f\u0131nda sat\u0131n almay\u0131 tercih eden b\u00fcy\u00fck online al\u0131\u015fveri\u015f\u00e7i segmenti sayesinde size daha fazla sat\u0131\u015f sa\u011flayacak profesyonel<span class=\"more-link\"><a href=\"https:\/\/dezig.net\/tr\/mobile-app\/\">Continue Reading<\/a><\/span><\/p>\n","protected":false},"author":1,"featured_media":0,"parent":0,"menu_order":0,"comment_status":"closed","ping_status":"closed","template":"","meta":{"_crdt_document":"","_vp_format_video_url":"","_vp_image_focal_point":[],"footnotes":""},"class_list":["entry","author-dezignet","post-48","page","type-page","status-publish"],"aioseo_notices":[],"_links":{"self":[{"href":"https:\/\/dezig.net\/tr\/wp-json\/wp\/v2\/pages\/48","targetHints":{"allow":["GET"]}}],"collection":[{"href":"https:\/\/dezig.net\/tr\/wp-json\/wp\/v2\/pages"}],"about":[{"href":"https:\/\/dezig.net\/tr\/wp-json\/wp\/v2\/types\/page"}],"author":[{"embeddable":true,"href":"https:\/\/dezig.net\/tr\/wp-json\/wp\/v2\/users\/1"}],"replies":[{"embeddable":true,"href":"https:\/\/dezig.net\/tr\/wp-json\/wp\/v2\/comments?post=48"}],"version-history":[{"count":5,"href":"https:\/\/dezig.net\/tr\/wp-json\/wp\/v2\/pages\/48\/revisions"}],"predecessor-version":[{"id":54,"href":"https:\/\/dezig.net\/tr\/wp-json\/wp\/v2\/pages\/48\/revisions\/54"}],"wp:attachment":[{"href":"https:\/\/dezig.net\/tr\/wp-json\/wp\/v2\/media?parent=48"}],"curies":[{"name":"wp","href":"https:\/\/api.w.org\/{rel}","templated":true}]}}