{"id":2,"date":"2025-11-15T11:29:02","date_gmt":"2025-11-15T08:29:02","guid":{"rendered":"http:\/\/dezig.net\/?page_id=2"},"modified":"2025-11-17T15:29:52","modified_gmt":"2025-11-17T12:29:52","slug":"sample-page","status":"publish","type":"page","link":"https:\/\/dezig.net\/tr\/","title":{"rendered":"Web Tasar\u0131m ve Dijital Pazarlama Ajans\u0131 T\u00fcrkiye"},"content":{"rendered":"<p><strong>DezigNet\u2019e Ho\u015f Geldiniz \u2013 T\u00fcrkiye\u2019de Web Tasar\u0131m ve Dijital Pazarlama Ajans\u0131<\/strong><\/p>\n<p>2002 y\u0131l\u0131nda Halep\u2019te kurulan DezigNet, 2013\u2019ten bu yana T\u00fcrkiye ve M\u0131s\u0131r\u2019da faaliyet g\u00f6stermektedir. Uzmanl\u0131k alanlar\u0131m\u0131z aras\u0131nda <strong>web tasar\u0131m\u0131, WordPress &amp; WooCommerce geli\u015ftirme, mobil uygulama geli\u015ftirme ve dijital pazarlama kampanyalar\u0131<\/strong> bulunmaktad\u0131r.<\/p>\n<p>\u015eirketiniz i\u00e7in u\u00e7tan uca <strong>BT \u00e7\u00f6z\u00fcmleri<\/strong> sunuyoruz:<\/p>\n<ul>\n<li>Profesyonel <strong>web sitesi tasar\u0131m\u0131 ve hosting hizmetleri<\/strong><\/li>\n<li>G\u00fcvenli \u00f6deme sistemleriyle tam donan\u0131ml\u0131 <strong>e-ticaret ma\u011fazalar\u0131<\/strong><\/li>\n<li>Ofisler i\u00e7in bilgisayar a\u011flar\u0131 ve yaz\u0131l\u0131m kurulumu<\/li>\n<li>Marka kimli\u011finizi g\u00fc\u00e7lendiren <strong>grafik tasar\u0131m ve g\u00f6rsel \u00e7\u00f6z\u00fcmler<\/strong><\/li>\n<\/ul>\n<p>T\u00fcrkiye\u2019deki i\u015fletmelerin b\u00fcy\u00fcmesine destek olmak i\u00e7in <strong>Google Ads, Facebook Ads ve Instagram Ads<\/strong> kampanyalar\u0131 planl\u0131yor ve y\u00f6netiyoruz. B\u00f6ylece web sitenize veya a\u00e7\u0131l\u0131\u015f sayfan\u0131za hedefli trafik \u00e7ekiyor, WhatsApp mesajlar\u0131 ve do\u011frudan telefon aramalar\u0131yla m\u00fc\u015fteri etkile\u015fimini art\u0131r\u0131yoruz.<\/p>","protected":false},"excerpt":{"rendered":"<p>DezigNet\u2019e Ho\u015f Geldiniz \u2013 T\u00fcrkiye\u2019de Web Tasar\u0131m ve Dijital Pazarlama Ajans\u0131 2002 y\u0131l\u0131nda Halep\u2019te kurulan DezigNet, 2013\u2019ten bu yana T\u00fcrkiye ve M\u0131s\u0131r\u2019da faaliyet g\u00f6stermektedir. Uzmanl\u0131k alanlar\u0131m\u0131z aras\u0131nda web tasar\u0131m\u0131, WordPress &amp; WooCommerce geli\u015ftirme, mobil uygulama geli\u015ftirme ve dijital pazarlama kampanyalar\u0131 bulunmaktad\u0131r. \u015eirketiniz i\u00e7in u\u00e7tan uca BT \u00e7\u00f6z\u00fcmleri sunuyoruz: Profesyonel web<span class=\"more-link\"><a href=\"https:\/\/dezig.net\/tr\/\">Continue Reading<\/a><\/span><\/p>\n","protected":false},"author":1,"featured_media":0,"parent":0,"menu_order":0,"comment_status":"closed","ping_status":"closed","template":"","meta":{"_crdt_document":"","_vp_format_video_url":"","_vp_image_focal_point":[],"footnotes":""},"class_list":["entry","author-dezignet","post-2","page","type-page","status-publish"],"aioseo_notices":[],"_links":{"self":[{"href":"https:\/\/dezig.net\/tr\/wp-json\/wp\/v2\/pages\/2","targetHints":{"allow":["GET"]}}],"collection":[{"href":"https:\/\/dezig.net\/tr\/wp-json\/wp\/v2\/pages"}],"about":[{"href":"https:\/\/dezig.net\/tr\/wp-json\/wp\/v2\/types\/page"}],"author":[{"embeddable":true,"href":"https:\/\/dezig.net\/tr\/wp-json\/wp\/v2\/users\/1"}],"replies":[{"embeddable":true,"href":"https:\/\/dezig.net\/tr\/wp-json\/wp\/v2\/comments?post=2"}],"version-history":[{"count":10,"href":"https:\/\/dezig.net\/tr\/wp-json\/wp\/v2\/pages\/2\/revisions"}],"predecessor-version":[{"id":332,"href":"https:\/\/dezig.net\/tr\/wp-json\/wp\/v2\/pages\/2\/revisions\/332"}],"wp:attachment":[{"href":"https:\/\/dezig.net\/tr\/wp-json\/wp\/v2\/media?parent=2"}],"curies":[{"name":"wp","href":"https:\/\/api.w.org\/{rel}","templated":true}]}}